{"id":1398,"date":"2026-04-16T13:40:14","date_gmt":"2026-04-16T12:40:14","guid":{"rendered":"https:\/\/www.concept43.com\/diseno-web\/"},"modified":"2026-04-16T16:14:36","modified_gmt":"2026-04-16T15:14:36","slug":"diseno-web","status":"publish","type":"page","link":"https:\/\/www.concept43.com\/es\/diseno-web\/","title":{"rendered":"Dise\u00f1o web"},"content":{"rendered":"\t\t<div data-elementor-type=\"wp-page\" data-elementor-id=\"1398\" class=\"elementor elementor-1398 elementor-1334\" data-elementor-post-type=\"page\">\n\t\t\t\t\t\t<div class=\"elementor-element elementor-element-bea4034 e-con e-atomic-element e-flexbox-base e-bea4034-49dfaa4\" data-id=\"bea4034\" data-element_type=\"e-flexbox\" data-e-type=\"e-flexbox\" data-interaction-id=\"bea4034\" data-e-type=\"e-flexbox\" data-id=\"bea4034\">\n\t\t\t\t\t\t\t<h1 \n\t\tdata-interaction-id=\"e21d35c\" \n\t\tclass=\"primary-title e-e21d35c-615ccf9 e-heading-base\" \n\t\t \n\t\tdata-e-type=\"widget\" data-id=\"e21d35c\"\n\t>\n\t\n\t\t\tDise\u00f1o web que trabaja para tu negocio, no al rev\u00e9s.\n\t\t<\/h1>\n\t\t\t\t\t\t\t\t<p class=\"large-text e-b720f50-46af8a2 e-paragraph-base\" data-interaction-id=\"b720f50\"  data-e-type=\"widget\" data-id=\"b720f50\">\n\t\t\t\t\t\t\t\tTu p\u00e1gina web deber\u00eda trabajar por ti, porque sino es solo un gasto. Cuando est\u00e1 bien construida, genera confianza, comunica lo que ofreces y convierte visitas en clientes a cualquier hora del d\u00eda. No es un folleto digital, es tu motor de crecimiento. En Concept43 construimos webs a medida para hacer exactamente eso.   \n\t\t\t\t\t<\/p>\n\t\t\t\t<div class=\"elementor-element elementor-element-7ea1b01 e-con e-atomic-element e-div-block-base e-7ea1b01-c808244\" data-id=\"7ea1b01\" data-element_type=\"e-div-block\" data-e-type=\"e-div-block\" data-interaction-id=\"7ea1b01\" data-e-type=\"e-div-block\" data-id=\"7ea1b01\">\n\t\t\t\t\t    \t            <button\n            \t\t\tdata-action-link=\"#elementor-action%3Aaction%3Dpopup%3Aopen%26settings%3DeyJpZCI6NjYsInRvZ2dsZSI6ZmFsc2V9\"\n        target=\"_self\"\n            class=\"e-4445146-1bea29a button-white e-button-base\"\n            data-interaction-id=\"4445146\"\n             data-e-type=\"widget\" data-id=\"4445146\"\n        >\n            Hablemos\n        <\/button>\n    \t\t\t\t<\/div>\n\t\t\t\t<\/div>\n\t\t\t\t<div class=\"elementor-element elementor-element-b2000aa e-con e-atomic-element e-flexbox-base primary-flexbox\" data-id=\"b2000aa\" data-element_type=\"e-flexbox\" data-e-type=\"e-flexbox\" data-interaction-id=\"b2000aa\" data-e-type=\"e-flexbox\" data-id=\"b2000aa\">\n\t\t\t\t<div class=\"elementor-element elementor-element-9f49892 elementor-widget elementor-widget-image-carousel\" data-id=\"9f49892\" data-element_type=\"widget\" data-e-type=\"widget\" data-settings=\"{&quot;slides_to_show&quot;:&quot;1&quot;,&quot;navigation&quot;:&quot;none&quot;,&quot;autoplay_speed&quot;:4000,&quot;effect&quot;:&quot;fade&quot;,&quot;autoplay&quot;:&quot;yes&quot;,&quot;infinite&quot;:&quot;yes&quot;,&quot;speed&quot;:500}\" data-widget_type=\"image-carousel.default\">\n\t\t\t\t<div class=\"elementor-widget-container\">\n\t\t\t\t\t\t\t<div class=\"elementor-image-carousel-wrapper swiper\" role=\"region\" aria-roledescription=\"carousel\" aria-label=\"Image Carousel\" dir=\"ltr\">\n\t\t\t<div class=\"elementor-image-carousel swiper-wrapper swiper-image-stretch\" aria-live=\"off\">\n\t\t\t\t\t\t\t\t<div class=\"swiper-slide\" role=\"group\" aria-roledescription=\"slide\" aria-label=\"1 de 2\"><figure class=\"swiper-slide-inner\"><img decoding=\"async\" class=\"swiper-slide-image\" src=\"https:\/\/www.concept43.com\/wp-content\/uploads\/concept43-casestudy-orya-estudio-belleza-01.webp\" alt=\"concept43-casestudy-orya-estudio-belleza-01\" \/><\/figure><\/div><div class=\"swiper-slide\" role=\"group\" aria-roledescription=\"slide\" aria-label=\"2 de 2\"><figure class=\"swiper-slide-inner\"><img decoding=\"async\" class=\"swiper-slide-image\" src=\"https:\/\/www.concept43.com\/wp-content\/uploads\/concept43-casestudy-orya-estudio-belleza-08.webp\" alt=\"concept43-casestudy-orya-estudio-belleza-08\" \/><\/figure><\/div>\t\t\t<\/div>\n\t\t\t\t\t\t\t\n\t\t\t\t\t\t\t\t\t<\/div>\n\t\t\t\t\t\t<\/div>\n\t\t\t\t<\/div>\n\t\t\t\t<\/div>\n\t\t\t\t<div class=\"elementor-element elementor-element-068dc02 e-con e-atomic-element e-flexbox-base e-068dc02-f679855\" data-id=\"068dc02\" data-element_type=\"e-flexbox\" data-e-type=\"e-flexbox\" data-interaction-id=\"068dc02\" data-e-type=\"e-flexbox\" data-id=\"068dc02\">\n\t\t\t\t<div class=\"elementor-element elementor-element-f93750e e-con e-atomic-element e-div-block-base e-f93750e-4c31b51\" data-id=\"f93750e\" data-element_type=\"e-div-block\" data-e-type=\"e-div-block\" data-interaction-id=\"f93750e\" data-e-type=\"e-div-block\" data-id=\"f93750e\">\n\t\t\t\t\t\t\t<h2 \n\t\tdata-interaction-id=\"e44c764\" \n\t\tclass=\"secondary-title e-e44c764-3a32964 e-heading-base\" \n\t\t \n\t\tdata-e-type=\"widget\" data-id=\"e44c764\"\n\t>\n\t\n\t\t\tLo que hacemos\n\t\t<\/h2>\n\t\t\t\t<\/div>\n\t\t\t\t<div class=\"elementor-element elementor-element-304513e e-con e-atomic-element e-div-block-base e-304513e-68c27f0\" data-id=\"304513e\" data-element_type=\"e-div-block\" data-e-type=\"e-div-block\" data-interaction-id=\"304513e\" data-e-type=\"e-div-block\" data-id=\"304513e\">\n\t\t\t\t\t\t\t\t<p class=\"large-text text-95 e-a44756f-d6ec5c0 e-paragraph-base\" data-interaction-id=\"a44756f\"  data-e-type=\"widget\" data-id=\"a44756f\">\n\t\t\t\t\t\t\t\tDise\u00f1amos y desarrollamos p\u00e1ginas web a medida adaptadas a las necesidades espec\u00edficas de tu negocio. Ya sea tu primera web, una renovaci\u00f3n completa o una tienda online, construimos soluciones que encajan con tu sector y tus objetivos. \n\t\t\t\t\t<\/p>\n\t\t\t\t<div class=\"elementor-element elementor-element-5963ff1 e-con e-atomic-element e-flexbox-base white-content-block\" data-id=\"5963ff1\" data-element_type=\"e-flexbox\" data-e-type=\"e-flexbox\" data-interaction-id=\"5963ff1\" data-e-type=\"e-flexbox\" data-id=\"5963ff1\">\n\t\t\t\t\t\t\t<h2 \n\t\tdata-interaction-id=\"057eee7\" \n\t\tclass=\"secondary-title e-heading-base\" \n\t\t \n\t\tdata-e-type=\"widget\" data-id=\"057eee7\"\n\t>\n\t\n\t\t\t1. P\u00e1gina web para empresas\n\t\t<\/h2>\n\t\t\t\t\t\t\t\t<p class=\"body-text-dark e-paragraph-base\" data-interaction-id=\"c4e514f\"  data-e-type=\"widget\" data-id=\"c4e514f\">\n\t\t\t\t\t\t\t\tUna web profesional que que muestra qui\u00e9n eres, qu\u00e9 ofreces y por qu\u00e9 confiar en ti. Dise\u00f1ada para generar credibilidad, comunicar tu valor y dar a los clientes potenciales la informaci\u00f3n que necesitan para decidir si trabajar contigo. \n\t\t\t\t\t<\/p>\n\t\t\t\t\t\t\t\t<p class=\"body-text-dark e-6fa06db-f822523 e-paragraph-base\" data-interaction-id=\"6fa06db\"  data-e-type=\"widget\" data-id=\"6fa06db\">\n\t\t\t\t\t\t\t\tIdeal para: Servicios profesionales, consultoras, agencias y negocios de servicios que necesitan una presencia digital s\u00f3lida.\n\t\t\t\t\t<\/p>\n\t\t\t\t\t\t\t<h2 \n\t\tdata-interaction-id=\"ad15d92\" \n\t\tclass=\"secondary-title e-ad15d92-a53d4ba e-heading-base\" \n\t\t \n\t\tdata-e-type=\"widget\" data-id=\"ad15d92\"\n\t>\n\t\n\t\t\t2. Tienda online\n\t\t<\/h2>\n\t\t\t\t\t\t\t\t<p class=\"body-text-dark e-paragraph-base\" data-interaction-id=\"0d57c7e\"  data-e-type=\"widget\" data-id=\"0d57c7e\">\n\t\t\t\t\t\t\t\tUna tienda online que no te da trabajo, te da ventas. Dise\u00f1ada para mostrar tus productos, gestionar el inventario, procesar pagos y gestionar pedidos sin complicaciones. Construida para convertir visitas en ventas y escalar a medida que tu cat\u00e1logo crece. \n\t\t\t\t\t<\/p>\n\t\t\t\t\t\t\t\t<p class=\"body-text-dark e-84de19b-aab5277 e-paragraph-base\" data-interaction-id=\"84de19b\"  data-e-type=\"widget\" data-id=\"84de19b\">\n\t\t\t\t\t\t\t\tIdeal para: Negocios minoristas, empresas con producto y marcas que venden art\u00edculos f\u00edsicos o digitales online.\n\t\t\t\t\t<\/p>\n\t\t\t\t\t\t\t<h2 \n\t\tdata-interaction-id=\"a1fa722\" \n\t\tclass=\"secondary-title e-a1fa722-8a81378 e-heading-base\" \n\t\t \n\t\tdata-e-type=\"widget\" data-id=\"a1fa722\"\n\t>\n\t\n\t\t\t3. P\u00e1gina web con reservas\n\t\t<\/h2>\n\t\t\t\t\t\t\t\t<p class=\"body-text-dark e-paragraph-base\" data-interaction-id=\"fcb04a5\"  data-e-type=\"widget\" data-id=\"fcb04a5\">\n\t\t\t\t\t\t\t\tP\u00e1gina web personalizadas con sistema de reservas integrado que permiten a los clientes reservar servicios, citas o equipamiento directamente online. Gestiona disponibilidad, horarios y pagos de forma autom\u00e1tica. \n\t\t\t\t\t<\/p>\n\t\t\t\t\t\t\t\t<p class=\"body-text-dark e-c967b2f-a6844a1 e-paragraph-base\" data-interaction-id=\"c967b2f\"  data-e-type=\"widget\" data-id=\"c967b2f\">\n\t\t\t\t\t\t\t\tIdeal para: Hoteles, restaurantes, alquiler de coches y cualquier negocio que funcione con reservas o citas.\n\t\t\t\t\t<\/p>\n\t\t\t\t\t\t\t<h2 \n\t\tdata-interaction-id=\"cb8987e\" \n\t\tclass=\"secondary-title e-cb8987e-1637a00 e-heading-base\" \n\t\t \n\t\tdata-e-type=\"widget\" data-id=\"cb8987e\"\n\t>\n\t\n\t\t\t4. P\u00e1gina web inmobiliaria\n\t\t<\/h2>\n\t\t\t\t\t\t\t\t<p class=\"body-text-dark e-paragraph-base\" data-interaction-id=\"983924d\"  data-e-type=\"widget\" data-id=\"983924d\">\n\t\t\t\t\t\t\t\tUna p\u00e1gina web dise\u00f1ada para que encontrar la propiedad adecuada sea f\u00e1cil. B\u00fasqueda avanzada, filtros y fichas bien presentadas para que los visitantes encuentren lo que buscan y t\u00fa captures los contactos que importan. \n\t\t\t\t\t<\/p>\n\t\t\t\t\t\t\t\t<p class=\"body-text-dark e-cad2303-d37f5c0 e-paragraph-base\" data-interaction-id=\"cad2303\"  data-e-type=\"widget\" data-id=\"cad2303\">\n\t\t\t\t\t\t\t\tIdeal para: Agencias inmobiliarias, promotoras, empresas de alquiler vacacional y gestoras de propiedades.\n\t\t\t\t\t<\/p>\n\t\t\t\t<\/div>\n\t\t\t\t\t\t\t\t<p class=\"text-95 body-text e-7ea7d01-6437149 e-paragraph-base\" data-interaction-id=\"7ea7d01\"  data-e-type=\"widget\" data-id=\"7ea7d01\">\n\t\t\t\t\t\t\t\tCada negocio es diferente, y cada web deber\u00eda serlo tambi\u00e9n. Se construye a medida y seg\u00fan tus necesidades. La soluci\u00f3n adecuada depende de lo que quieres conseguir y hacia d\u00f3nde va tu negocio. \n\t\t\t\t\t<\/p>\n\t\t\t\t\t    \t            <button\n            \t\t\tdata-action-link=\"#elementor-action%3Aaction%3Dpopup%3Aopen%26settings%3DeyJpZCI6NjYsInRvZ2dsZSI6ZmFsc2V9\"\n        target=\"_self\"\n            class=\"e-01fdbdf-c8a1722 button-white e-button-base\"\n            data-interaction-id=\"01fdbdf\"\n             data-e-type=\"widget\" data-id=\"01fdbdf\"\n        >\n            Agendar una reuni\u00f3n\n        <\/button>\n    \t\t\t\t<\/div>\n\t\t\t\t<\/div>\n\t\t\t\t<div class=\"elementor-element elementor-element-fb35f35 e-con e-atomic-element e-flexbox-base e-fb35f35-5f5ca36\" data-id=\"fb35f35\" data-element_type=\"e-flexbox\" data-e-type=\"e-flexbox\" data-interaction-id=\"fb35f35\" data-e-type=\"e-flexbox\" data-id=\"fb35f35\">\n\t\t\t\t<div class=\"elementor-element elementor-element-d293261 e-con e-atomic-element e-div-block-base e-d293261-3ea1bee\" data-id=\"d293261\" data-element_type=\"e-div-block\" data-e-type=\"e-div-block\" data-interaction-id=\"d293261\" data-e-type=\"e-div-block\" data-id=\"d293261\">\n\t\t\t\t\t\t\t\n\t\t\t<a\n\t\t\t\t\t\thref=\"https:\/\/www.concept43.com\/work\/bruder-street-steak-house-rebrand\/\"\n\t\t\tclass=\"e-image-link-base\"\n\t\t\ttarget=\"_self\"\n\t\t\tdata-interaction-id=\"1086d22\"\n\t\t>\n\t\t<img class=\"e-image-base e-1086d22-681722e\" \n\t\t \n\t\t data-e-type=\"widget\" data-id=\"1086d22\"\n\t\t\t\t\t\t\t\t\tid=\"1395\"\n\t\t\t\t\t\t\t\t\t\t\t\tsrc=\"https:\/\/www.concept43.com\/wp-content\/uploads\/concept43-casestudy-bruder-01.webp\"\n\t\t\t\t\t\t\t\t\t\t\t\twidth=\"1920\"\n\t\t\t\t\t\t\t\t\t\t\t\theight=\"1120\"\n\t\t\t\t\t\t\t\t\t\t\t\tsrcset=\"https:\/\/www.concept43.com\/wp-content\/uploads\/concept43-casestudy-bruder-01.webp 1920w, https:\/\/www.concept43.com\/wp-content\/uploads\/concept43-casestudy-bruder-01-600x350.webp 600w, https:\/\/www.concept43.com\/wp-content\/uploads\/concept43-casestudy-bruder-01-1200x700.webp 1200w, https:\/\/www.concept43.com\/wp-content\/uploads\/concept43-casestudy-bruder-01-768x448.webp 768w, https:\/\/www.concept43.com\/wp-content\/uploads\/concept43-casestudy-bruder-01-1536x896.webp 1536w\"\n\t\t\t\t\t\t\t\t\t\t\t\talt=\"\"\n\t\t\t\t\t\t\/>\n\t\t\t<\/a>\n\t\t\t\t\t\t\t\t<h3 \n\t\tdata-interaction-id=\"5092767\" \n\t\tclass=\"e-5092767-e6e7908 body-text e-heading-base\" \n\t\t \n\t\tdata-e-type=\"widget\" data-id=\"5092767\"\n\t>\n\t\n\t\t\t<a \n\t\t\t\t\t\thref=\"https:\/\/www.concept43.com\/work\/bruder-street-steak-house-rebrand\/\"\n\t\t\ttarget=\"_self\" \n\t\t\tclass=\"e-heading-link-base\">\n\t\t\tBr\u00fcder Steet Steak House\n\t\t<\/a>\n\t\t<\/h3>\n\t\t\t\t<div class=\"elementor-element elementor-element-c6eba71 e-con e-atomic-element e-div-block-base e-c6eba71-fddaa10\" data-id=\"c6eba71\" data-element_type=\"e-div-block\" data-e-type=\"e-div-block\" data-interaction-id=\"c6eba71\" data-e-type=\"e-div-block\" data-id=\"c6eba71\">\n\t\t\t\t\t\t\t\t<p class=\"small-text e-paragraph-base\" data-interaction-id=\"37d895e\"  data-e-type=\"widget\" data-id=\"37d895e\">\n\t\t\t\t\t\t\t\tBranding\n\t\t\t\t\t<\/p>\n\t\t\t\t\t\t\t\t<p class=\"small-text e-paragraph-base\" data-interaction-id=\"de2fe6f\"  data-e-type=\"widget\" data-id=\"de2fe6f\">\n\t\t\t\t\t\t\t\tDise\u00f1o gr\u00e1fico\n\t\t\t\t\t<\/p>\n\t\t\t\t\t\t\t\t<p class=\"small-text e-paragraph-base\" data-interaction-id=\"7261baa\"  data-e-type=\"widget\" data-id=\"7261baa\">\n\t\t\t\t\t\t\t\tDise\u00f1o web\n\t\t\t\t\t<\/p>\n\t\t\t\t<\/div>\n\t\t\t\t<\/div>\n\t\t\t\t<div class=\"elementor-element elementor-element-6f33cd0 e-con e-atomic-element e-div-block-base e-6f33cd0-1842f3d\" data-id=\"6f33cd0\" data-element_type=\"e-div-block\" data-e-type=\"e-div-block\" data-interaction-id=\"6f33cd0\" data-e-type=\"e-div-block\" data-id=\"6f33cd0\">\n\t\t\t\t\t\t\t\n\t\t\t<a\n\t\t\t\t\t\thref=\"https:\/\/www.concept43.com\/work\/orya-beauty-studio-website\/\"\n\t\t\tclass=\"e-image-link-base\"\n\t\t\ttarget=\"_self\"\n\t\t\tdata-interaction-id=\"eaafc49\"\n\t\t>\n\t\t<img class=\"e-image-base e-eaafc49-773043d\" \n\t\t \n\t\t data-e-type=\"widget\" data-id=\"eaafc49\"\n\t\t\t\t\t\t\t\t\tid=\"1396\"\n\t\t\t\t\t\t\t\t\t\t\t\tsrc=\"https:\/\/www.concept43.com\/wp-content\/uploads\/concept43-casestudy-orya-estudio-belleza-01.webp\"\n\t\t\t\t\t\t\t\t\t\t\t\twidth=\"1920\"\n\t\t\t\t\t\t\t\t\t\t\t\theight=\"1080\"\n\t\t\t\t\t\t\t\t\t\t\t\tsrcset=\"https:\/\/www.concept43.com\/wp-content\/uploads\/concept43-casestudy-orya-estudio-belleza-01.webp 1920w, https:\/\/www.concept43.com\/wp-content\/uploads\/concept43-casestudy-orya-estudio-belleza-01-600x338.webp 600w, https:\/\/www.concept43.com\/wp-content\/uploads\/concept43-casestudy-orya-estudio-belleza-01-1200x675.webp 1200w, https:\/\/www.concept43.com\/wp-content\/uploads\/concept43-casestudy-orya-estudio-belleza-01-768x432.webp 768w, https:\/\/www.concept43.com\/wp-content\/uploads\/concept43-casestudy-orya-estudio-belleza-01-1536x864.webp 1536w\"\n\t\t\t\t\t\t\t\t\t\t\t\talt=\"\"\n\t\t\t\t\t\t\/>\n\t\t\t<\/a>\n\t\t\t\t\t\t\t\t<h3 \n\t\tdata-interaction-id=\"f96b84f\" \n\t\tclass=\"e-f96b84f-3b47164 body-text e-heading-base\" \n\t\t \n\t\tdata-e-type=\"widget\" data-id=\"f96b84f\"\n\t>\n\t\n\t\t\t<a \n\t\t\t\t\t\thref=\"https:\/\/www.concept43.com\/work\/orya-beauty-studio-website\/\"\n\t\t\ttarget=\"_self\" \n\t\t\tclass=\"e-heading-link-base\">\n\t\t\t\u00d8rya Estudio de Belleza\n\t\t<\/a>\n\t\t<\/h3>\n\t\t\t\t<div class=\"elementor-element elementor-element-bb38450 e-con e-atomic-element e-div-block-base e-bb38450-8a6a0d7\" data-id=\"bb38450\" data-element_type=\"e-div-block\" data-e-type=\"e-div-block\" data-interaction-id=\"bb38450\" data-e-type=\"e-div-block\" data-id=\"bb38450\">\n\t\t\t\t\t\t\t\t<p class=\"small-text e-paragraph-base\" data-interaction-id=\"3db4192\"  data-e-type=\"widget\" data-id=\"3db4192\">\n\t\t\t\t\t\t\t\tDise\u00f1o web\n\t\t\t\t\t<\/p>\n\t\t\t\t<\/div>\n\t\t\t\t<\/div>\n\t\t\t\t<\/div>\n\t\t\t\t<div class=\"elementor-element elementor-element-21d451c e-con e-atomic-element e-flexbox-base e-21d451c-adf28e7\" data-id=\"21d451c\" data-element_type=\"e-flexbox\" data-e-type=\"e-flexbox\" data-interaction-id=\"21d451c\" data-e-type=\"e-flexbox\" data-id=\"21d451c\">\n\t\t\t\t<div class=\"elementor-element elementor-element-91c97e3 e-con e-atomic-element e-div-block-base e-91c97e3-850b035\" data-id=\"91c97e3\" data-element_type=\"e-div-block\" data-e-type=\"e-div-block\" data-interaction-id=\"91c97e3\" data-e-type=\"e-div-block\" data-id=\"91c97e3\">\n\t\t\t\t\t\t\t<h2 \n\t\tdata-interaction-id=\"9188614\" \n\t\tclass=\"secondary-title e-9188614-61cab91 e-heading-base\" \n\t\t \n\t\tdata-e-type=\"widget\" data-id=\"9188614\"\n\t>\n\t\n\t\t\tNuestro enfoque\n\t\t<\/h2>\n\t\t\t\t<\/div>\n\t\t\t\t<div class=\"elementor-element elementor-element-e4fbbd9 e-con e-atomic-element e-div-block-base e-e4fbbd9-f48dd02\" data-id=\"e4fbbd9\" data-element_type=\"e-div-block\" data-e-type=\"e-div-block\" data-interaction-id=\"e4fbbd9\" data-e-type=\"e-div-block\" data-id=\"e4fbbd9\">\n\t\t\t\t\t\t\t\t<p class=\"large-text-dark text-95 e-paragraph-base\" data-interaction-id=\"dcdd35b\"  data-e-type=\"widget\" data-id=\"dcdd35b\">\n\t\t\t\t\t\t\t\tLa decisi\u00f3n de invertir en una p\u00e1gina web rara vez tiene que ver con la web en s\u00ed. Tiene que ver con querer resolver un problema de negocio. M\u00e1s clientes, mejor posicionamiento o una forma de comunicar tu valor a lo grande. La web es c\u00f3mo lo resuelves, pero solo cuando est\u00e1 dise\u00f1ada con el resultado en mente.   \n\t\t\t\t\t<\/p>\n\t\t\t\t\t\t\t\t<p class=\"e-4b5cbec-49bec62 text-95 body-text-dark e-paragraph-base\" data-interaction-id=\"4b5cbec\"  data-e-type=\"widget\" data-id=\"4b5cbec\">\n\t\t\t\t\t\t\t\tDespu\u00e9s de m\u00e1s de 20 a\u00f1os trabajando con restaurantes, hoteles y negocios de servicios, hemos aprendido que entender el problema real del negocio es m\u00e1s importante que lanzarse a dise\u00f1ar. Tratamos las p\u00e1ginas como sistemas, no como p\u00e1ginas est\u00e1ticas. Eso significa pensar en c\u00f3mo funciona el contenido, c\u00f3mo escala el sitio a medida que crece tu negocio, c\u00f3mo se integra con tu estrategia de marketing y c\u00f3mo se adapta cuando cambian tus necesidades.  \n\t\t\t\t\t<\/p>\n\t\t\t\t\t\t\t\t<p class=\"e-49f2343-2d3ba0d text-95 body-text-dark e-paragraph-base\" data-interaction-id=\"49f2343\"  data-e-type=\"widget\" data-id=\"49f2343\">\n\t\t\t\t\t\t\t\tPor eso lo primero es entender qu\u00e9 hay detr\u00e1s de la necesidad, c\u00f3mo se definir\u00eda el \u00e9xito para tu negocio y cu\u00e1les son tus retos reales. A partir de ah\u00ed dise\u00f1amos y construimos una p\u00e1gina web que funciona, escala y sea flexible para que evolucione contigo. \n\t\t\t\t\t<\/p>\n\t\t\t\t<div class=\"elementor-element elementor-element-ea76c6c elementor-widget elementor-widget-image-carousel\" data-id=\"ea76c6c\" data-element_type=\"widget\" data-e-type=\"widget\" data-settings=\"{&quot;slides_to_show&quot;:&quot;1&quot;,&quot;navigation&quot;:&quot;none&quot;,&quot;autoplay_speed&quot;:4000,&quot;effect&quot;:&quot;fade&quot;,&quot;autoplay&quot;:&quot;yes&quot;,&quot;infinite&quot;:&quot;yes&quot;,&quot;speed&quot;:500}\" data-widget_type=\"image-carousel.default\">\n\t\t\t\t<div class=\"elementor-widget-container\">\n\t\t\t\t\t\t\t<div class=\"elementor-image-carousel-wrapper swiper\" role=\"region\" aria-roledescription=\"carousel\" aria-label=\"Image Carousel\" dir=\"ltr\">\n\t\t\t<div class=\"elementor-image-carousel swiper-wrapper swiper-image-stretch\" aria-live=\"off\">\n\t\t\t\t\t\t\t\t<div class=\"swiper-slide\" role=\"group\" aria-roledescription=\"slide\" aria-label=\"1 de 2\"><figure class=\"swiper-slide-inner\"><img decoding=\"async\" class=\"swiper-slide-image\" src=\"https:\/\/www.concept43.com\/wp-content\/uploads\/concept43-casestudy-orya-estudio-belleza-01.webp\" alt=\"concept43-casestudy-orya-estudio-belleza-01\" \/><\/figure><\/div><div class=\"swiper-slide\" role=\"group\" aria-roledescription=\"slide\" aria-label=\"2 de 2\"><figure class=\"swiper-slide-inner\"><img decoding=\"async\" class=\"swiper-slide-image\" src=\"https:\/\/www.concept43.com\/wp-content\/uploads\/concept43-casestudy-orya-estudio-belleza-08.webp\" alt=\"concept43-casestudy-orya-estudio-belleza-08\" \/><\/figure><\/div>\t\t\t<\/div>\n\t\t\t\t\t\t\t\n\t\t\t\t\t\t\t\t\t<\/div>\n\t\t\t\t\t\t<\/div>\n\t\t\t\t<\/div>\n\t\t\t\t<\/div>\n\t\t\t\t<\/div>\n\t\t\t\t<\/div>\n\t\t","protected":false},"excerpt":{"rendered":"<p>Dise\u00f1o web que trabaja para tu negocio, no al rev\u00e9s. Tu p\u00e1gina web deber\u00eda trabajar por ti, porque sino es solo un gasto. Cuando est\u00e1 bien construida, genera confianza, comunica lo que ofreces y convierte visitas en clientes a cualquier hora del d\u00eda. No es un folleto digital, es tu motor de crecimiento. En Concept43 [&hellip;]<\/p>\n","protected":false},"author":1,"featured_media":0,"parent":0,"menu_order":0,"comment_status":"closed","ping_status":"closed","template":"elementor_header_footer","meta":{"footnotes":""},"class_list":["post-1398","page","type-page","status-publish","hentry"],"_links":{"self":[{"href":"https:\/\/www.concept43.com\/es\/wp-json\/wp\/v2\/pages\/1398","targetHints":{"allow":["GET"]}}],"collection":[{"href":"https:\/\/www.concept43.com\/es\/wp-json\/wp\/v2\/pages"}],"about":[{"href":"https:\/\/www.concept43.com\/es\/wp-json\/wp\/v2\/types\/page"}],"author":[{"embeddable":true,"href":"https:\/\/www.concept43.com\/es\/wp-json\/wp\/v2\/users\/1"}],"replies":[{"embeddable":true,"href":"https:\/\/www.concept43.com\/es\/wp-json\/wp\/v2\/comments?post=1398"}],"version-history":[{"count":1,"href":"https:\/\/www.concept43.com\/es\/wp-json\/wp\/v2\/pages\/1398\/revisions"}],"predecessor-version":[{"id":1399,"href":"https:\/\/www.concept43.com\/es\/wp-json\/wp\/v2\/pages\/1398\/revisions\/1399"}],"wp:attachment":[{"href":"https:\/\/www.concept43.com\/es\/wp-json\/wp\/v2\/media?parent=1398"}],"curies":[{"name":"wp","href":"https:\/\/api.w.org\/{rel}","templated":true}]}}